{"id":512,"date":"2022-08-09T14:08:01","date_gmt":"2022-08-09T12:08:01","guid":{"rendered":"http:\/\/morelitalia.com\/homepage\/"},"modified":"2022-09-26T10:31:10","modified_gmt":"2022-09-26T08:31:10","slug":"homepage","status":"publish","type":"page","link":"https:\/\/www.morelitalia.com\/de\/","title":{"rendered":"Homepage"},"content":{"rendered":"<p>Wir entwickeln, entwerfen und realisieren einzigartige Ausstattungen f\u00fcr Fahrzeuge, damit diese noch attraktiver werden und man sie noch mehr genie\u00dfen kann.<\/p>\n<p>Jedes Accessoire wird in unseren Werkst\u00e4tten unter Mitwirkung der besten Techniker des Sektors hergestellt: Wir geben der \u00c4sthetik eine Form, indem wir sie mit der Eleganz von \u201aMade in Italy\u2018 in ein komfortables Gewand kleiden.<\/p>\n","protected":false},"excerpt":{"rendered":"<p>Wir entwickeln, entwerfen und realisieren einzigartige Ausstattungen f\u00fcr Fahrzeuge, damit diese noch attraktiver werden und man sie noch mehr genie\u00dfen kann. Jedes Accessoire wird in unseren Werkst\u00e4tten unter Mitwirkung der besten Techniker des Sektors hergestellt: Wir geben der \u00c4sthetik eine Form, indem wir sie mit der Eleganz von \u201aMade in Italy\u2018 in ein komfortables Gewand [&hellip;]<\/p>\n","protected":false},"author":1,"featured_media":0,"parent":0,"menu_order":0,"comment_status":"closed","ping_status":"closed","template":"template-home.php","meta":{"inline_featured_image":false,"footnotes":""},"class_list":["post-512","page","type-page","status-publish","hentry"],"acf":[],"yoast_head":"<!-- This site is optimized with the Yoast SEO plugin v24.6 - https:\/\/yoast.com\/wordpress\/plugins\/seo\/ -->\n<title>Morel | Luxus Automobil- und Innenausstattung<\/title>\n<meta name=\"description\" content=\"Morel entwirft und gestaltet luxuri\u00f6se Armaturen und Innenausstattungen Made in Italy f\u00fcr Ihr Auto und arbeitet mit den exklusivsten Marken zusammen. Tauch Sie jetzt ein in die Welt von Morel!\" \/>\n<meta name=\"robots\" content=\"index, follow, max-snippet:-1, max-image-preview:large, max-video-preview:-1\" \/>\n<link rel=\"canonical\" href=\"https:\/\/www.morelitalia.com\/de\/\" \/>\n<meta property=\"og:locale\" content=\"de_DE\" \/>\n<meta property=\"og:type\" content=\"article\" \/>\n<meta property=\"og:title\" content=\"Morel | Luxus Automobil- und Innenausstattung\" \/>\n<meta property=\"og:description\" content=\"Morel entwirft und gestaltet luxuri\u00f6se Armaturen und Innenausstattungen Made in Italy f\u00fcr Ihr Auto und arbeitet mit den exklusivsten Marken zusammen. Tauch Sie jetzt ein in die Welt von Morel!\" \/>\n<meta property=\"og:url\" content=\"https:\/\/www.morelitalia.com\/de\/\" \/>\n<meta property=\"og:site_name\" content=\"Morel\" \/>\n<meta property=\"article:modified_time\" content=\"2022-09-26T08:31:10+00:00\" \/>\n<meta name=\"twitter:card\" content=\"summary_large_image\" \/>\n<meta name=\"twitter:label1\" content=\"Gesch\u00e4tzte Lesezeit\" \/>\n\t<meta name=\"twitter:data1\" content=\"1\u00a0Minute\" \/>\n<script type=\"application\/ld+json\" class=\"yoast-schema-graph\">{\"@context\":\"https:\/\/schema.org\",\"@graph\":[{\"@type\":\"WebPage\",\"@id\":\"https:\/\/www.morelitalia.com\/de\/\",\"url\":\"https:\/\/www.morelitalia.com\/de\/\",\"name\":\"Morel | Luxus Automobil- und Innenausstattung\",\"isPartOf\":{\"@id\":\"https:\/\/www.morelitalia.com\/de\/#website\"},\"datePublished\":\"2022-08-09T12:08:01+00:00\",\"dateModified\":\"2022-09-26T08:31:10+00:00\",\"description\":\"Morel entwirft und gestaltet luxuri\u00f6se Armaturen und Innenausstattungen Made in Italy f\u00fcr Ihr Auto und arbeitet mit den exklusivsten Marken zusammen. Tauch Sie jetzt ein in die Welt von Morel!\",\"breadcrumb\":{\"@id\":\"https:\/\/www.morelitalia.com\/de\/#breadcrumb\"},\"inLanguage\":\"de\",\"potentialAction\":[{\"@type\":\"ReadAction\",\"target\":[\"https:\/\/www.morelitalia.com\/de\/\"]}]},{\"@type\":\"BreadcrumbList\",\"@id\":\"https:\/\/www.morelitalia.com\/de\/#breadcrumb\",\"itemListElement\":[{\"@type\":\"ListItem\",\"position\":1,\"name\":\"Home\",\"item\":\"https:\/\/www.morelitalia.com\/de\/homepage\/\"},{\"@type\":\"ListItem\",\"position\":2,\"name\":\"Homepage\"}]},{\"@type\":\"WebSite\",\"@id\":\"https:\/\/www.morelitalia.com\/de\/#website\",\"url\":\"https:\/\/www.morelitalia.com\/de\/\",\"name\":\"Morel\",\"description\":\"\",\"potentialAction\":[{\"@type\":\"SearchAction\",\"target\":{\"@type\":\"EntryPoint\",\"urlTemplate\":\"https:\/\/www.morelitalia.com\/de\/?s={search_term_string}\"},\"query-input\":{\"@type\":\"PropertyValueSpecification\",\"valueRequired\":true,\"valueName\":\"search_term_string\"}}],\"inLanguage\":\"de\"}]}<\/script>\n<!-- \/ Yoast SEO plugin. -->","yoast_head_json":{"title":"Morel | Luxus Automobil- und Innenausstattung","description":"Morel entwirft und gestaltet luxuri\u00f6se Armaturen und Innenausstattungen Made in Italy f\u00fcr Ihr Auto und arbeitet mit den exklusivsten Marken zusammen. Tauch Sie jetzt ein in die Welt von Morel!","robots":{"index":"index","follow":"follow","max-snippet":"max-snippet:-1","max-image-preview":"max-image-preview:large","max-video-preview":"max-video-preview:-1"},"canonical":"https:\/\/www.morelitalia.com\/de\/","og_locale":"de_DE","og_type":"article","og_title":"Morel | Luxus Automobil- und Innenausstattung","og_description":"Morel entwirft und gestaltet luxuri\u00f6se Armaturen und Innenausstattungen Made in Italy f\u00fcr Ihr Auto und arbeitet mit den exklusivsten Marken zusammen. Tauch Sie jetzt ein in die Welt von Morel!","og_url":"https:\/\/www.morelitalia.com\/de\/","og_site_name":"Morel","article_modified_time":"2022-09-26T08:31:10+00:00","twitter_card":"summary_large_image","twitter_misc":{"Gesch\u00e4tzte Lesezeit":"1\u00a0Minute"},"schema":{"@context":"https:\/\/schema.org","@graph":[{"@type":"WebPage","@id":"https:\/\/www.morelitalia.com\/de\/","url":"https:\/\/www.morelitalia.com\/de\/","name":"Morel | Luxus Automobil- und Innenausstattung","isPartOf":{"@id":"https:\/\/www.morelitalia.com\/de\/#website"},"datePublished":"2022-08-09T12:08:01+00:00","dateModified":"2022-09-26T08:31:10+00:00","description":"Morel entwirft und gestaltet luxuri\u00f6se Armaturen und Innenausstattungen Made in Italy f\u00fcr Ihr Auto und arbeitet mit den exklusivsten Marken zusammen. Tauch Sie jetzt ein in die Welt von Morel!","breadcrumb":{"@id":"https:\/\/www.morelitalia.com\/de\/#breadcrumb"},"inLanguage":"de","potentialAction":[{"@type":"ReadAction","target":["https:\/\/www.morelitalia.com\/de\/"]}]},{"@type":"BreadcrumbList","@id":"https:\/\/www.morelitalia.com\/de\/#breadcrumb","itemListElement":[{"@type":"ListItem","position":1,"name":"Home","item":"https:\/\/www.morelitalia.com\/de\/homepage\/"},{"@type":"ListItem","position":2,"name":"Homepage"}]},{"@type":"WebSite","@id":"https:\/\/www.morelitalia.com\/de\/#website","url":"https:\/\/www.morelitalia.com\/de\/","name":"Morel","description":"","potentialAction":[{"@type":"SearchAction","target":{"@type":"EntryPoint","urlTemplate":"https:\/\/www.morelitalia.com\/de\/?s={search_term_string}"},"query-input":{"@type":"PropertyValueSpecification","valueRequired":true,"valueName":"search_term_string"}}],"inLanguage":"de"}]}},"_links":{"self":[{"href":"https:\/\/www.morelitalia.com\/de\/wp-json\/wp\/v2\/pages\/512","targetHints":{"allow":["GET"]}}],"collection":[{"href":"https:\/\/www.morelitalia.com\/de\/wp-json\/wp\/v2\/pages"}],"about":[{"href":"https:\/\/www.morelitalia.com\/de\/wp-json\/wp\/v2\/types\/page"}],"author":[{"embeddable":true,"href":"https:\/\/www.morelitalia.com\/de\/wp-json\/wp\/v2\/users\/1"}],"replies":[{"embeddable":true,"href":"https:\/\/www.morelitalia.com\/de\/wp-json\/wp\/v2\/comments?post=512"}],"version-history":[{"count":2,"href":"https:\/\/www.morelitalia.com\/de\/wp-json\/wp\/v2\/pages\/512\/revisions"}],"predecessor-version":[{"id":514,"href":"https:\/\/www.morelitalia.com\/de\/wp-json\/wp\/v2\/pages\/512\/revisions\/514"}],"wp:attachment":[{"href":"https:\/\/www.morelitalia.com\/de\/wp-json\/wp\/v2\/media?parent=512"}],"curies":[{"name":"wp","href":"https:\/\/api.w.org\/{rel}","templated":true}]}}