{"id":516,"date":"2022-08-10T13:49:57","date_gmt":"2022-08-10T11:49:57","guid":{"rendered":"http:\/\/morelitalia.com\/vision\/"},"modified":"2022-09-26T10:44:00","modified_gmt":"2022-09-26T08:44:00","slug":"philosophie","status":"publish","type":"page","link":"https:\/\/www.morelitalia.com\/de\/philosophie\/","title":{"rendered":"Vision"},"content":{"rendered":"<p>Wir entsprechen den Technologie-, Qualit\u00e4ts- und Sicherheitsanforderungen des Luxus-Automobilmarktes mit einzigartig gestalteten Armaturen und Zubeh\u00f6r. Wir versch\u00f6nern die Innenr\u00e4ume der prestigetr\u00e4chtigen Modelle und machen sie zu wahren Meisterwerken.<\/p>\n<p>Wir entwickeln hochkreative L\u00f6sungen, die fortschrittliche Technologie und italienisches Design vereinen: Die besten Handwerker der Branche arbeiten mit edlen Materialien, die sorgf\u00e4ltig f\u00fcr Kreationen mit unnachahmlichem Charakter ausgew\u00e4hlt werden.<\/p>\n","protected":false},"excerpt":{"rendered":"<p>Wir entsprechen den Technologie-, Qualit\u00e4ts- und Sicherheitsanforderungen des Luxus-Automobilmarktes mit einzigartig gestalteten Armaturen und Zubeh\u00f6r. Wir versch\u00f6nern die Innenr\u00e4ume der prestigetr\u00e4chtigen Modelle und machen sie zu wahren Meisterwerken. Wir entwickeln hochkreative L\u00f6sungen, die fortschrittliche Technologie und italienisches Design vereinen: Die besten Handwerker der Branche arbeiten mit edlen Materialien, die sorgf\u00e4ltig f\u00fcr Kreationen mit unnachahmlichem Charakter [&hellip;]<\/p>\n","protected":false},"author":1,"featured_media":0,"parent":0,"menu_order":0,"comment_status":"closed","ping_status":"closed","template":"template-vision.php","meta":{"inline_featured_image":false,"footnotes":""},"class_list":["post-516","page","type-page","status-publish","hentry"],"acf":[],"yoast_head":"<!-- This site is optimized with the Yoast SEO plugin v24.6 - https:\/\/yoast.com\/wordpress\/plugins\/seo\/ -->\n<title>Unsere Philosophie und Geschichte | Morel<\/title>\n<meta name=\"description\" content=\"Die Zukunft des Autos ist ein wahres Meisterwerk. Morel Italia entwickelt h\u00f6chst kreative L\u00f6sungen f\u00fcr die Innenausstattung der renommiertesten Autos. \u00dcberzeugen Sie sich von unserer Geschichte!\" \/>\n<meta name=\"robots\" content=\"index, follow, max-snippet:-1, max-image-preview:large, max-video-preview:-1\" \/>\n<link rel=\"canonical\" href=\"https:\/\/www.morelitalia.com\/de\/philosophie\/\" \/>\n<meta property=\"og:locale\" content=\"de_DE\" \/>\n<meta property=\"og:type\" content=\"article\" \/>\n<meta property=\"og:title\" content=\"Unsere Philosophie und Geschichte | Morel\" \/>\n<meta property=\"og:description\" content=\"Die Zukunft des Autos ist ein wahres Meisterwerk. Morel Italia entwickelt h\u00f6chst kreative L\u00f6sungen f\u00fcr die Innenausstattung der renommiertesten Autos. \u00dcberzeugen Sie sich von unserer Geschichte!\" \/>\n<meta property=\"og:url\" content=\"https:\/\/www.morelitalia.com\/de\/philosophie\/\" \/>\n<meta property=\"og:site_name\" content=\"Morel\" \/>\n<meta property=\"article:modified_time\" content=\"2022-09-26T08:44:00+00:00\" \/>\n<meta name=\"twitter:card\" content=\"summary_large_image\" \/>\n<meta name=\"twitter:label1\" content=\"Gesch\u00e4tzte Lesezeit\" \/>\n\t<meta name=\"twitter:data1\" content=\"1\u00a0Minute\" \/>\n<script type=\"application\/ld+json\" class=\"yoast-schema-graph\">{\"@context\":\"https:\/\/schema.org\",\"@graph\":[{\"@type\":\"WebPage\",\"@id\":\"https:\/\/www.morelitalia.com\/de\/philosophie\/\",\"url\":\"https:\/\/www.morelitalia.com\/de\/philosophie\/\",\"name\":\"Unsere Philosophie und Geschichte | Morel\",\"isPartOf\":{\"@id\":\"https:\/\/www.morelitalia.com\/de\/#website\"},\"datePublished\":\"2022-08-10T11:49:57+00:00\",\"dateModified\":\"2022-09-26T08:44:00+00:00\",\"description\":\"Die Zukunft des Autos ist ein wahres Meisterwerk. Morel Italia entwickelt h\u00f6chst kreative L\u00f6sungen f\u00fcr die Innenausstattung der renommiertesten Autos. \u00dcberzeugen Sie sich von unserer Geschichte!\",\"breadcrumb\":{\"@id\":\"https:\/\/www.morelitalia.com\/de\/philosophie\/#breadcrumb\"},\"inLanguage\":\"de\",\"potentialAction\":[{\"@type\":\"ReadAction\",\"target\":[\"https:\/\/www.morelitalia.com\/de\/philosophie\/\"]}]},{\"@type\":\"BreadcrumbList\",\"@id\":\"https:\/\/www.morelitalia.com\/de\/philosophie\/#breadcrumb\",\"itemListElement\":[{\"@type\":\"ListItem\",\"position\":1,\"name\":\"Home\",\"item\":\"https:\/\/www.morelitalia.com\/de\/homepage\/\"},{\"@type\":\"ListItem\",\"position\":2,\"name\":\"Vision\"}]},{\"@type\":\"WebSite\",\"@id\":\"https:\/\/www.morelitalia.com\/de\/#website\",\"url\":\"https:\/\/www.morelitalia.com\/de\/\",\"name\":\"Morel\",\"description\":\"\",\"potentialAction\":[{\"@type\":\"SearchAction\",\"target\":{\"@type\":\"EntryPoint\",\"urlTemplate\":\"https:\/\/www.morelitalia.com\/de\/?s={search_term_string}\"},\"query-input\":{\"@type\":\"PropertyValueSpecification\",\"valueRequired\":true,\"valueName\":\"search_term_string\"}}],\"inLanguage\":\"de\"}]}<\/script>\n<!-- \/ Yoast SEO plugin. -->","yoast_head_json":{"title":"Unsere Philosophie und Geschichte | Morel","description":"Die Zukunft des Autos ist ein wahres Meisterwerk. Morel Italia entwickelt h\u00f6chst kreative L\u00f6sungen f\u00fcr die Innenausstattung der renommiertesten Autos. \u00dcberzeugen Sie sich von unserer Geschichte!","robots":{"index":"index","follow":"follow","max-snippet":"max-snippet:-1","max-image-preview":"max-image-preview:large","max-video-preview":"max-video-preview:-1"},"canonical":"https:\/\/www.morelitalia.com\/de\/philosophie\/","og_locale":"de_DE","og_type":"article","og_title":"Unsere Philosophie und Geschichte | Morel","og_description":"Die Zukunft des Autos ist ein wahres Meisterwerk. Morel Italia entwickelt h\u00f6chst kreative L\u00f6sungen f\u00fcr die Innenausstattung der renommiertesten Autos. \u00dcberzeugen Sie sich von unserer Geschichte!","og_url":"https:\/\/www.morelitalia.com\/de\/philosophie\/","og_site_name":"Morel","article_modified_time":"2022-09-26T08:44:00+00:00","twitter_card":"summary_large_image","twitter_misc":{"Gesch\u00e4tzte Lesezeit":"1\u00a0Minute"},"schema":{"@context":"https:\/\/schema.org","@graph":[{"@type":"WebPage","@id":"https:\/\/www.morelitalia.com\/de\/philosophie\/","url":"https:\/\/www.morelitalia.com\/de\/philosophie\/","name":"Unsere Philosophie und Geschichte | Morel","isPartOf":{"@id":"https:\/\/www.morelitalia.com\/de\/#website"},"datePublished":"2022-08-10T11:49:57+00:00","dateModified":"2022-09-26T08:44:00+00:00","description":"Die Zukunft des Autos ist ein wahres Meisterwerk. Morel Italia entwickelt h\u00f6chst kreative L\u00f6sungen f\u00fcr die Innenausstattung der renommiertesten Autos. \u00dcberzeugen Sie sich von unserer Geschichte!","breadcrumb":{"@id":"https:\/\/www.morelitalia.com\/de\/philosophie\/#breadcrumb"},"inLanguage":"de","potentialAction":[{"@type":"ReadAction","target":["https:\/\/www.morelitalia.com\/de\/philosophie\/"]}]},{"@type":"BreadcrumbList","@id":"https:\/\/www.morelitalia.com\/de\/philosophie\/#breadcrumb","itemListElement":[{"@type":"ListItem","position":1,"name":"Home","item":"https:\/\/www.morelitalia.com\/de\/homepage\/"},{"@type":"ListItem","position":2,"name":"Vision"}]},{"@type":"WebSite","@id":"https:\/\/www.morelitalia.com\/de\/#website","url":"https:\/\/www.morelitalia.com\/de\/","name":"Morel","description":"","potentialAction":[{"@type":"SearchAction","target":{"@type":"EntryPoint","urlTemplate":"https:\/\/www.morelitalia.com\/de\/?s={search_term_string}"},"query-input":{"@type":"PropertyValueSpecification","valueRequired":true,"valueName":"search_term_string"}}],"inLanguage":"de"}]}},"_links":{"self":[{"href":"https:\/\/www.morelitalia.com\/de\/wp-json\/wp\/v2\/pages\/516","targetHints":{"allow":["GET"]}}],"collection":[{"href":"https:\/\/www.morelitalia.com\/de\/wp-json\/wp\/v2\/pages"}],"about":[{"href":"https:\/\/www.morelitalia.com\/de\/wp-json\/wp\/v2\/types\/page"}],"author":[{"embeddable":true,"href":"https:\/\/www.morelitalia.com\/de\/wp-json\/wp\/v2\/users\/1"}],"replies":[{"embeddable":true,"href":"https:\/\/www.morelitalia.com\/de\/wp-json\/wp\/v2\/comments?post=516"}],"version-history":[{"count":3,"href":"https:\/\/www.morelitalia.com\/de\/wp-json\/wp\/v2\/pages\/516\/revisions"}],"predecessor-version":[{"id":519,"href":"https:\/\/www.morelitalia.com\/de\/wp-json\/wp\/v2\/pages\/516\/revisions\/519"}],"wp:attachment":[{"href":"https:\/\/www.morelitalia.com\/de\/wp-json\/wp\/v2\/media?parent=516"}],"curies":[{"name":"wp","href":"https:\/\/api.w.org\/{rel}","templated":true}]}}