{"id":521,"date":"2022-08-10T10:49:38","date_gmt":"2022-08-10T08:49:38","guid":{"rendered":"http:\/\/morelitalia.com\/atelier\/"},"modified":"2022-10-10T09:17:13","modified_gmt":"2022-10-10T07:17:13","slug":"atelier","status":"publish","type":"page","link":"https:\/\/www.morelitalia.com\/de\/atelier\/","title":{"rendered":"Atelier"},"content":{"rendered":"<p>F&amp;E, hochmoderne Technologien und das Bestreben, uns zu verbessern, veranlassen uns jeden Tag dazu, neue Horizonte zu erschlie\u00dfen, innovative und noch nie dagewesene L\u00f6sungen zu entdecken. Die schlanke Struktur in Verbindung mit einem Netzwerk von Fachleuten garantiert das beste Know-How und die bestm\u00f6glichen Ergebnisse in jedem Bereich.<\/p>\n<p>Von der Beschichtung bestehender St\u00fccke mit neuen Materialien \u00fcber die ausgepr\u00e4gtesten \u00e4sthetischen Veredelungen bis hin zu Intarsien und Goldschmiedearbeiten k\u00f6nnen wir jeden Wunsch in die Tat umsetzen.<\/p>\n<p>Das macht den Wert der italienischen Wertarbeit aus.<\/p>\n","protected":false},"excerpt":{"rendered":"<p>F&amp;E, hochmoderne Technologien und das Bestreben, uns zu verbessern, veranlassen uns jeden Tag dazu, neue Horizonte zu erschlie\u00dfen, innovative und noch nie dagewesene L\u00f6sungen zu entdecken. Die schlanke Struktur in Verbindung mit einem Netzwerk von Fachleuten garantiert das beste Know-How und die bestm\u00f6glichen Ergebnisse in jedem Bereich. Von der Beschichtung bestehender St\u00fccke mit neuen Materialien [&hellip;]<\/p>\n","protected":false},"author":1,"featured_media":0,"parent":0,"menu_order":0,"comment_status":"closed","ping_status":"closed","template":"template-atelier.php","meta":{"inline_featured_image":false,"footnotes":""},"class_list":["post-521","page","type-page","status-publish","hentry"],"acf":[],"yoast_head":"<!-- This site is optimized with the Yoast SEO plugin v24.6 - https:\/\/yoast.com\/wordpress\/plugins\/seo\/ -->\n<title>Unsere Atelier | Morel<\/title>\n<meta name=\"description\" content=\"Unsere Atelier | Morel der Atelier von Morel arbeiten die besten Fachleute mit exklusiven Technologien und Materialien, um hochwertige Fahrzeug-Innenr\u00e4ume zu schaffen. \u00dcberzeugen Sie sich selbst von unserer Arbeit!\" \/>\n<meta name=\"robots\" content=\"index, follow, max-snippet:-1, max-image-preview:large, max-video-preview:-1\" \/>\n<link rel=\"canonical\" href=\"https:\/\/www.morelitalia.com\/de\/atelier\/\" \/>\n<meta property=\"og:locale\" content=\"de_DE\" \/>\n<meta property=\"og:type\" content=\"article\" \/>\n<meta property=\"og:title\" content=\"Unsere Atelier | Morel\" \/>\n<meta property=\"og:description\" content=\"Unsere Atelier | Morel der Atelier von Morel arbeiten die besten Fachleute mit exklusiven Technologien und Materialien, um hochwertige Fahrzeug-Innenr\u00e4ume zu schaffen. \u00dcberzeugen Sie sich selbst von unserer Arbeit!\" \/>\n<meta property=\"og:url\" content=\"https:\/\/www.morelitalia.com\/de\/atelier\/\" \/>\n<meta property=\"og:site_name\" content=\"Morel\" \/>\n<meta property=\"article:modified_time\" content=\"2022-10-10T07:17:13+00:00\" \/>\n<meta name=\"twitter:card\" content=\"summary_large_image\" \/>\n<meta name=\"twitter:label1\" content=\"Gesch\u00e4tzte Lesezeit\" \/>\n\t<meta name=\"twitter:data1\" content=\"1\u00a0Minute\" \/>\n<script type=\"application\/ld+json\" class=\"yoast-schema-graph\">{\"@context\":\"https:\/\/schema.org\",\"@graph\":[{\"@type\":\"WebPage\",\"@id\":\"https:\/\/www.morelitalia.com\/de\/atelier\/\",\"url\":\"https:\/\/www.morelitalia.com\/de\/atelier\/\",\"name\":\"Unsere Atelier | Morel\",\"isPartOf\":{\"@id\":\"https:\/\/www.morelitalia.com\/de\/#website\"},\"datePublished\":\"2022-08-10T08:49:38+00:00\",\"dateModified\":\"2022-10-10T07:17:13+00:00\",\"description\":\"Unsere Atelier | Morel der Atelier von Morel arbeiten die besten Fachleute mit exklusiven Technologien und Materialien, um hochwertige Fahrzeug-Innenr\u00e4ume zu schaffen. \u00dcberzeugen Sie sich selbst von unserer Arbeit!\",\"breadcrumb\":{\"@id\":\"https:\/\/www.morelitalia.com\/de\/atelier\/#breadcrumb\"},\"inLanguage\":\"de\",\"potentialAction\":[{\"@type\":\"ReadAction\",\"target\":[\"https:\/\/www.morelitalia.com\/de\/atelier\/\"]}]},{\"@type\":\"BreadcrumbList\",\"@id\":\"https:\/\/www.morelitalia.com\/de\/atelier\/#breadcrumb\",\"itemListElement\":[{\"@type\":\"ListItem\",\"position\":1,\"name\":\"Home\",\"item\":\"https:\/\/www.morelitalia.com\/de\/homepage\/\"},{\"@type\":\"ListItem\",\"position\":2,\"name\":\"Atelier\"}]},{\"@type\":\"WebSite\",\"@id\":\"https:\/\/www.morelitalia.com\/de\/#website\",\"url\":\"https:\/\/www.morelitalia.com\/de\/\",\"name\":\"Morel\",\"description\":\"\",\"potentialAction\":[{\"@type\":\"SearchAction\",\"target\":{\"@type\":\"EntryPoint\",\"urlTemplate\":\"https:\/\/www.morelitalia.com\/de\/?s={search_term_string}\"},\"query-input\":{\"@type\":\"PropertyValueSpecification\",\"valueRequired\":true,\"valueName\":\"search_term_string\"}}],\"inLanguage\":\"de\"}]}<\/script>\n<!-- \/ Yoast SEO plugin. -->","yoast_head_json":{"title":"Unsere Atelier | Morel","description":"Unsere Atelier | Morel der Atelier von Morel arbeiten die besten Fachleute mit exklusiven Technologien und Materialien, um hochwertige Fahrzeug-Innenr\u00e4ume zu schaffen. \u00dcberzeugen Sie sich selbst von unserer Arbeit!","robots":{"index":"index","follow":"follow","max-snippet":"max-snippet:-1","max-image-preview":"max-image-preview:large","max-video-preview":"max-video-preview:-1"},"canonical":"https:\/\/www.morelitalia.com\/de\/atelier\/","og_locale":"de_DE","og_type":"article","og_title":"Unsere Atelier | Morel","og_description":"Unsere Atelier | Morel der Atelier von Morel arbeiten die besten Fachleute mit exklusiven Technologien und Materialien, um hochwertige Fahrzeug-Innenr\u00e4ume zu schaffen. \u00dcberzeugen Sie sich selbst von unserer Arbeit!","og_url":"https:\/\/www.morelitalia.com\/de\/atelier\/","og_site_name":"Morel","article_modified_time":"2022-10-10T07:17:13+00:00","twitter_card":"summary_large_image","twitter_misc":{"Gesch\u00e4tzte Lesezeit":"1\u00a0Minute"},"schema":{"@context":"https:\/\/schema.org","@graph":[{"@type":"WebPage","@id":"https:\/\/www.morelitalia.com\/de\/atelier\/","url":"https:\/\/www.morelitalia.com\/de\/atelier\/","name":"Unsere Atelier | Morel","isPartOf":{"@id":"https:\/\/www.morelitalia.com\/de\/#website"},"datePublished":"2022-08-10T08:49:38+00:00","dateModified":"2022-10-10T07:17:13+00:00","description":"Unsere Atelier | Morel der Atelier von Morel arbeiten die besten Fachleute mit exklusiven Technologien und Materialien, um hochwertige Fahrzeug-Innenr\u00e4ume zu schaffen. \u00dcberzeugen Sie sich selbst von unserer Arbeit!","breadcrumb":{"@id":"https:\/\/www.morelitalia.com\/de\/atelier\/#breadcrumb"},"inLanguage":"de","potentialAction":[{"@type":"ReadAction","target":["https:\/\/www.morelitalia.com\/de\/atelier\/"]}]},{"@type":"BreadcrumbList","@id":"https:\/\/www.morelitalia.com\/de\/atelier\/#breadcrumb","itemListElement":[{"@type":"ListItem","position":1,"name":"Home","item":"https:\/\/www.morelitalia.com\/de\/homepage\/"},{"@type":"ListItem","position":2,"name":"Atelier"}]},{"@type":"WebSite","@id":"https:\/\/www.morelitalia.com\/de\/#website","url":"https:\/\/www.morelitalia.com\/de\/","name":"Morel","description":"","potentialAction":[{"@type":"SearchAction","target":{"@type":"EntryPoint","urlTemplate":"https:\/\/www.morelitalia.com\/de\/?s={search_term_string}"},"query-input":{"@type":"PropertyValueSpecification","valueRequired":true,"valueName":"search_term_string"}}],"inLanguage":"de"}]}},"_links":{"self":[{"href":"https:\/\/www.morelitalia.com\/de\/wp-json\/wp\/v2\/pages\/521","targetHints":{"allow":["GET"]}}],"collection":[{"href":"https:\/\/www.morelitalia.com\/de\/wp-json\/wp\/v2\/pages"}],"about":[{"href":"https:\/\/www.morelitalia.com\/de\/wp-json\/wp\/v2\/types\/page"}],"author":[{"embeddable":true,"href":"https:\/\/www.morelitalia.com\/de\/wp-json\/wp\/v2\/users\/1"}],"replies":[{"embeddable":true,"href":"https:\/\/www.morelitalia.com\/de\/wp-json\/wp\/v2\/comments?post=521"}],"version-history":[{"count":4,"href":"https:\/\/www.morelitalia.com\/de\/wp-json\/wp\/v2\/pages\/521\/revisions"}],"predecessor-version":[{"id":766,"href":"https:\/\/www.morelitalia.com\/de\/wp-json\/wp\/v2\/pages\/521\/revisions\/766"}],"wp:attachment":[{"href":"https:\/\/www.morelitalia.com\/de\/wp-json\/wp\/v2\/media?parent=521"}],"curies":[{"name":"wp","href":"https:\/\/api.w.org\/{rel}","templated":true}]}}