{"id":863,"date":"2022-10-06T12:10:55","date_gmt":"2022-10-06T10:10:55","guid":{"rendered":"https:\/\/www.morelitalia.com\/terms-and-conditions\/"},"modified":"2022-10-11T11:52:04","modified_gmt":"2022-10-11T09:52:04","slug":"geschaeftsbedingungen","status":"publish","type":"page","link":"https:\/\/www.morelitalia.com\/de\/geschaeftsbedingungen\/","title":{"rendered":"Gesch\u00e4ftsbedingungen"},"content":{"rendered":"<ol>\n<li style=\"font-weight: 400;\" aria-level=\"1\"><b>ANWENDUNGSBEREICH UND DEFINITIONEN<\/b><span style=\"font-weight: 400;\">Der allgemeine Teil gilt f\u00fcr alle Bestellungen im Zusammenhang mit dem Kauf von Produkten \u00fcber die Website oder durch Kontaktaufnahme mit der Firma Morel Srl. (im Folgenden Morel) unter den auf der Website selbst angegebenen Telefonnummern oder E-Mail-Adressen, unabh\u00e4ngig davon, ob dies der Fall ist Produkte anderer Marken als Morel Srl. In diesen Allgemeinen Verkaufsbedingungen gelten die folgenden Definitionen: \u201eVerbraucher\u201c: jede nat\u00fcrliche Person, die eine Bestellung zu Zwecken aufgibt, die nichts mit unternehmerischer, kommerzieller, handwerklicher oder beruflicher Aus\u00fcbung zu tun haben; \u201eKunde\u201c: kann je nach Bedarf ein Verbraucher oder ein Gewerbetreibender sein; \u201eVertrag\u201c: jede zwischen Morel Srl und einem Kunden abgeschlossene Vereinbarung \u00fcber den Kauf eines oder mehrerer Produkte durch den letzteren; &#8222;Befehl&#8220;:<\/span><\/li>\n<li style=\"font-weight: 400;\" aria-level=\"1\"><b>AUFBEWAHRUNG DER ALLGEMEINEN VERTRAGSBEDINGUNGEN<\/b><span style=\"font-weight: 400;\"> Der Kunde kann eine Kopie dieser Allgemeinen Verkaufsbedingungen und aller Dokumente, aus denen sich der Vertrag zusammensetzt, aufbewahren, speichern oder direkt von der Website ausdrucken.<\/span><\/li>\n<li style=\"font-weight: 400;\" aria-level=\"1\"><b>AUFTR\u00c4GE<\/b><span style=\"font-weight: 400;\">Der Kunde kann die Daten seiner Bestellung aufbewahren, indem er die Angaben auf der Seite vor dem Absenden der Bestellung speichert oder eine E-Mail sendet, die den korrekten Abschluss der Bestellung best\u00e4tigt. Alle aufgegebenen Bestellungen werden von Morel Srl auf ihren Systemen gespeichert und der Kunde kann nur darauf zugreifen, nachdem er sich im reservierten Bereich namens \u201eMein Profil\u201c mit den bei der Registrierung auf der Website gew\u00e4hlten Zugangsdaten authentifiziert hat. Im gleichen Bereich kann der Kunde die abgeschlossenen Vertr\u00e4ge, anstehende und weitergeleitete Bestellungen einsehen, seine pers\u00f6nlichen Daten (Kontaktdaten, Bankverbindung, Abonnement des Newsletter-Service) aktualisieren und speichern. Der Kunde verpflichtet sich, seine Zugangsdaten geheim zu halten und Dritten nicht zug\u00e4nglich zu machen.<\/span><\/li>\n<li style=\"font-weight: 400;\" aria-level=\"1\"><b>VERTRAGSABSCHLUSS \u00dcBER DAS INTERNET<\/b><span style=\"font-weight: 400;\">Jeder Vertrag \u00fcber den Kauf von Produkten wird in italienischer Sprache unterzeichnet. Um mit dem Kauf eines oder mehrerer Produkte \u00fcber das Internet fortzufahren, muss sich der Kunde zun\u00e4chst auf der Website registrieren und unter Einhaltung der Bestimmungen zum Schutz personenbezogener Daten alle Informationen und Daten bereitstellen, die f\u00fcr Morel Srl erforderlich sind, um fortzufahren die genaue Ausf\u00fchrung der erteilten Auftr\u00e4ge. Nach der Registrierung muss der Kunde die Produkte, die er kaufen m\u00f6chte, ausw\u00e4hlen und in den virtuellen Warenkorb legen. An diesem Punkt muss der Kunde auf die Schaltfl\u00e4che \u201eKauf fortsetzen\u201c klicken, um die Bestellung abzusenden: Bis zu diesem Moment ist es m\u00f6glich, die eingegebenen Daten zu \u00fcberpr\u00fcfen und gegebenenfalls zu korrigieren (Preise \/ Menge \/ Lieferadresse ). Sind alle eingegebenen Daten korrekt, kann der Kunde die \u201eBestellung abschlie\u00dfen\u201c: Das Versenden der Bestellung gem\u00e4\u00df den in diesem Abschnitt angegebenen Methoden gilt in jeder Hinsicht als Vertragsangebot des Kunden. Darauf folgt eine E-Mail von Morel Srl an die in den Kundendaten angegebene E-Mail-Adresse, mit der mitgeteilt wird, ob die Bestellung als angenommen gilt oder nicht. Morel Srl beh\u00e4lt sich das Recht vor, die erhaltenen Bestellungen anzunehmen oder nicht: Im Falle einer Ablehnung kann der Kunde keine Rechte oder Anspr\u00fcche gegen Morel Srl geltend machen.Die Bestellung gilt als angenommen und der entsprechende Vertrag abgeschlossen, wenn der Kunde sie erh\u00e4lt die Best\u00e4tigungs-E-Mail an ihre E-Mail-Adresse. Darauf folgt eine E-Mail von Morel Srl an die in den Kundendaten angegebene E-Mail-Adresse, mit der mitgeteilt wird, ob die Bestellung als angenommen gilt oder nicht. Morel Srl beh\u00e4lt sich das Recht vor, die erhaltenen Bestellungen anzunehmen oder nicht: Im Falle einer Ablehnung kann der Kunde keine Rechte oder Anspr\u00fcche gegen Morel Srl geltend machen.Die Bestellung gilt als angenommen und der entsprechende Vertrag abgeschlossen, wenn der Kunde sie erh\u00e4lt die Best\u00e4tigungs-E-Mail an ihre E-Mail-Adresse. Darauf folgt eine E-Mail von Morel Srl an die in den Kundendaten angegebene E-Mail-Adresse, mit der mitgeteilt wird, ob die Bestellung als angenommen gilt oder nicht. Morel Srl beh\u00e4lt sich das Recht vor, die erhaltenen Bestellungen anzunehmen oder nicht: Im Falle einer Ablehnung kann der Kunde keine Rechte oder Anspr\u00fcche gegen Morel Srl geltend machen.Die Bestellung gilt als angenommen und der entsprechende Vertrag abgeschlossen, wenn der Kunde sie erh\u00e4lt die Best\u00e4tigungs-E-Mail an ihre E-Mail-Adresse.<\/span><\/li>\n<li style=\"font-weight: 400;\" aria-level=\"1\"><b>VERTRAGSABSCHLUSS PER TELEFON<\/b><span style=\"font-weight: 400;\">Der Kunde kann den Kundendienst unter 035241338 kontaktieren, sofern er sich bereits auf der Website registriert hat, auch um eine Bestellung weiterzuleiten, indem er dem Betreiber alle f\u00fcr die Fertigstellung erforderlichen Daten mitteilt (Vorname, Nachname, E-Mail-Adresse, Lieferadresse, Rechnungsadresse ). Am Ende der telefonischen Kommunikation und \u00dcberpr\u00fcfung der tats\u00e4chlichen Verf\u00fcgbarkeit der gew\u00fcnschten Artikel gilt die Bestellung als abgeschlossen und weitergeleitet, aber auch in diesem Fall folgt die Best\u00e4tigung durch Morel Srl durch die Zusendung der Auftragsbest\u00e4tigung und der entsprechenden Annahme. Auch in diesem Fall hat Morel Srl das Recht, die erhaltenen Bestellungen anzunehmen oder nicht, und im Falle einer Nichtannahme kann der Kunde aus irgendeinem Grund keine Rechte oder Anspr\u00fcche gegen Morel Srl geltend machen.<\/span><\/li>\n<li style=\"font-weight: 400;\" aria-level=\"1\"><b>PREIS DER PRODUKTE<\/b><span style=\"font-weight: 400;\"> Die auf der Website ver\u00f6ffentlichten Preise der Produkte verstehen sich inklusive Mehrwertsteuer und enthalten keine Steuern, Z\u00f6lle oder Steuern, die im Bestimmungsland der Produkte gelten und dem Kunden in Rechnung gestellt werden, wenn sie von Europa abweichen. Morel Srl beh\u00e4lt sich das Recht vor, die auf der Website ver\u00f6ffentlichten Preise jederzeit ohne vorherige Ank\u00fcndigung zu \u00e4ndern. Diese \u00c4nderungen gelten nicht f\u00fcr Kunden, die zum Zeitpunkt der \u00c4nderung die Bestellung bereits weitergeleitet haben.<\/span><\/li>\n<li style=\"font-weight: 400;\" aria-level=\"1\"><b>SENDUNG<\/b><span style=\"font-weight: 400;\">Die vom Kunden bestellten Produkte werden von Morel Srl innerhalb weniger Tage nach Erhalt der Bestellung und in jedem Fall nach Erhalt der Zahlungsbest\u00e4tigung geliefert. Die m\u00f6glicherweise in der Auftragsbest\u00e4tigung enthaltenen Lieferbedingungen sind nur Richtwerte und daher nicht bindend. Morel Srl kann daher nicht f\u00fcr Sch\u00e4den haftbar gemacht werden, die sich aus versp\u00e4teten Lieferungen ergeben, noch kann Morel Srl Strafen f\u00fcr versp\u00e4tete Lieferungen anerkennen. Insbesondere kann Morel Srl nicht f\u00fcr Verz\u00f6gerungen haftbar gemacht werden, die darauf zur\u00fcckzuf\u00fchren sind, dass der Kunde nicht alle f\u00fcr die Lieferung erforderlichen Informationen angegeben hat, oder aus anderen Gr\u00fcnden, die au\u00dferhalb seiner Kontrolle liegen. Morel Srl bedient sich der Zusammenarbeit des Expresskuriers Mailbox Etc, der bevorzugt auf den Kurier GLS setzt. Die Sendung kann jederzeit auf der Website des Kuriers anhand des vom Kurier bereitgestellten Versandcodes (Tracking-Nummer) verfolgt werden. Wenn der Kunde einen Versand \u00fcber einen anderen Logistikpartner w\u00fcnscht, gelten das Eigentum an den gew\u00f6hnlichen Produkten und das relative Verlust- und Besch\u00e4digungsrisiko zum Zeitpunkt der \u00dcbergabe der Produkte an den Spediteur als von Morel Srl auf den Kunden \u00fcbertragen. Die dem Kunden in Rechnung gestellten Versandkosten betragen 9,00 \u20ac f\u00fcr das gesamte italienische Gebiet, kostenlos f\u00fcr Bestellungen im Wert von XXXXX \u20ac Ausgaben. Bei Bestellungen gr\u00f6\u00dferer Mengen, die \u00fcber den Expresskurier Mailbox Etc get\u00e4tigt werden, werden die Versandkosten vollst\u00e4ndig von Morel Srl \u00fcbernommen.<\/span><\/li>\n<li style=\"font-weight: 400;\" aria-level=\"1\"><b>ZAHLUNGEN<\/b><span style=\"font-weight: 400;\"> Die Zahlung des Preises der bestellten Produkte kann mit Ratenzahlung in 3 zinslosen Raten bei\u00a0 <\/span><a href=\"https:\/\/translate.google.com\/website?sl=it&amp;tl=de&amp;hl=it&amp;client=webapp&amp;u=https:\/\/www.klarna.com\/it\/legal\/\"><span style=\"font-weight: 400;\">Klarna erfolgen<\/span><\/a><span style=\"font-weight: 400;\">, oder per Kredit- oder Debitkarte Visa, Mastercard, Visa Electron und \/ oder anderen \u00e4hnlichen Karten \u00fcber das Multisafepay-System und PayPal oder per Bank\u00fcberweisung an die beim Kauf und Postepay-Aufladung angegebenen Bankdaten. Bei den letzten 2 Zahlungsmethoden muss der Restbetrag innerhalb von 3 Werktagen bezahlt werden, andernfalls gilt die Bestellung als storniert. Der Kunde muss die Zahlungsmethode angeben, die er verwenden m\u00f6chte, und Morel Srl beh\u00e4lt sich das Recht vor, die Zahlungsbest\u00e4tigung abzuwarten, bevor mit dem Versand fortgefahren wird. Die Dokumente, die bei Eingang und Best\u00e4tigung der Bestellung generiert werden, haben die Form von \u201eThekenverk\u00e4ufen\u201c, vergleichbar mit klassischen Steuerbelegen. F\u00fcr den Fall, dass der Kunde eine Rechnung erhalten m\u00f6chte, muss er beim Ausf\u00fcllen der Bestelldaten eine spezifische Anfrage stellen und zu diesem Zweck alle erforderlichen Daten angeben (CF im Fall einer nat\u00fcrlichen Person und CF und P. MwSt. in im Fall einer Firma, SDI-Code und PEC-Adresse). Morel Srl beh\u00e4lt sich das Recht vor, keine Rechnung auszustellen, es sei denn, dies wird innerhalb der ausdr\u00fccklich vorgesehenen Fristen verlangt.<\/span><\/li>\n<li style=\"font-weight: 400;\" aria-level=\"1\"><b>HAFTUNGSAUSSCHLUSS VON MOREL SRL<\/b><span style=\"font-weight: 400;\">Zus\u00e4tzlich zu den Bestimmungen des vorstehenden Punkts 7 zum Versand haftet Morel Srl in keiner Weise f\u00fcr den Fall einer Nichtlieferung oder Verz\u00f6gerung der Lieferung der bestellten Produkte, wenn: es f\u00fcr den regelm\u00e4\u00dfigen und rechtzeitigen Kauf der Produkte gesorgt hat um die erhaltene Bestellung zu decken, aber diese Anfrage wurde von den Lieferanten nicht innerhalb der vereinbarten Zeit und Weise erf\u00fcllt; die Unm\u00f6glichkeit, mit der Lieferung fortzufahren, ergibt sich aus der Nichtverf\u00fcgbarkeit der Produkte aus Gr\u00fcnden, die sie nicht zu vertreten hat und die nicht ihrer Kontrolle unterliegen; dem Kunden unverz\u00fcglich die Nichtverf\u00fcgbarkeit solcher Produkte auf Lager mitgeteilt. In jedem der vorgenannten F\u00e4lle, wenn die Umst\u00e4nde die Lieferung der Produkte an den Kunden nicht innerhalb von 30 (drei\u00dfig) Tagen nach Aufgabe der Bestellung zulassen und der Kunde die Zahlung bereits geleistet hat, Morel Srl verpflichtet sich, den Kunden zu kontaktieren, um nicht gelieferte Waren zu erstatten oder sie durch andere gleichwertige Waren zu ersetzen. Morel Srl kann in keiner Weise f\u00fcr den Ausfall oder die Verz\u00f6gerung der Lieferung der Produkte aufgrund h\u00f6herer Gewalt wie beispielsweise Streiks, beh\u00f6rdliche Ma\u00dfnahmen, Transportschwierigkeiten, Br\u00e4nde, \u00dcberschwemmungen, Naturkatastrophen verantwortlich gemacht werden . Morel Srl verpflichtet sich, den Kunden unverz\u00fcglich \u00fcber das Auftreten einer dieser Ursachen zu informieren: Wenn diese Situation l\u00e4nger als 30 (drei\u00dfig) Tage andauert, hat jede Partei das Recht, vom Vertrag zur\u00fcckzutreten. In diesem Fall hat der Kunde keinen Anspruch auf Entsch\u00e4digung oder Entsch\u00e4digung,<\/span><\/li>\n<li style=\"font-weight: 400;\" aria-level=\"1\"><b>GARANTIE, KUNDENDIENST UND DEFEKTE PRODUKTE<\/b><span style=\"font-weight: 400;\">F\u00fcr get\u00e4tigte K\u00e4ufe gelten die Regelungen zur Gew\u00e4hrleistung. Bei Produkten, die von Fehlern und M\u00e4ngeln betroffen sind, ist der Kunde verpflichtet, Morel Srl zum Zeitpunkt der Entdeckung unverz\u00fcglich und in jedem Fall innerhalb von maximal 14 Tagen nach Erhalt zu kontaktieren. Es liegt in der Verantwortung von Morel Srl, die mangelhaften Artikel ganz oder teilweise zu stornieren. Ersatz ist nicht immer garantiert. Die Stornierung oder der Ersatz erfolgt innerhalb einer angemessenen Frist nach Eingang des Antrags beim Verbraucher. Der Kunde verpflichtet sich, die Art des Mangels oder Mangels detailliert und genau zu beschreiben und Morel Srl alle Dokumente und fotografischen Anh\u00e4nge zuzusenden, die zum Nachweis des Mangels n\u00fctzlich sein k\u00f6nnen. Der Kunde kann alle zur Verf\u00fcgung gestellten Kommunikationsmittel nutzen, um mit dem Unternehmen zu kommunizieren. Der Kundendienst von Morel Srl verpflichtet sich, alle Berichte von Kunden entgegenzunehmen und unverz\u00fcglich Feedback zu geben, bevor er mit der R\u00fccksendung des Produkts fortf\u00e4hrt. F\u00fcr den Fall, dass das Produkt tats\u00e4chlich defekt ist, werden wir die Stornierung oder den Ersatz vornehmen, wenn dies m\u00f6glich ist und sich nicht als zu teuer erweist, wie oben angegeben. Kunden m\u00fcssen das Produkt an die Adresse des Unternehmens oder an das vom Kundendienst mitgeteilte Lager senden. Nach erfolgreicher Feststellung des Mangels wird Morel Srl nach eigenem Ermessen mit der R\u00fcckerstattung des mangelhaften Artikels oder dem Versand eines neuen funktionsf\u00e4higen Produkts fortfahren. F\u00fcr den Fall, dass das Produkt nicht defekt ist, Der Kundendienst von Morel Srl wird sich mit dem Kunden in Verbindung setzen, um zu pr\u00fcfen, ob er dasselbe Produkt zur\u00fccksenden soll (und in diesem Fall werden die Versandkosten dem Kunden in Rechnung gestellt) oder ob der Vertrag aufgel\u00f6st werden soll. Im letzteren Fall verbleibt das Produkt am Firmensitz und der Kunde tr\u00e4gt die Versandkosten.<\/span><\/li>\n<li style=\"font-weight: 400;\" aria-level=\"1\"><b>KEHRT ZUR\u00dcCK<\/b><span style=\"font-weight: 400;\">Der Kunde hat die M\u00f6glichkeit, innerhalb einer Frist von 7 (sieben) Kalendertagen ab Lieferdatum ganz oder teilweise vom Kaufvertrag f\u00fcr Produkte zur\u00fcckzutreten, wenn er der Meinung ist, dass seine W\u00fcnsche nicht erf\u00fcllt werden. Die Frist betr\u00e4gt 14 (vierzehn) Tage, wenn der Kunde Verbraucher ist. Der Kunde muss Morel Srl den Wunsch, vom Kaufvertrag zur\u00fcckzutreten, per E-Mail oder Telefon mitteilen. Der Kunde hat eine Frist von 7 (sieben) Kalendertagen (im Fall eines Verbrauchers als 14 (vierzehn) Kalendertage zu verstehen) ab der Widerrufsmitteilung, um das Produkt (oder die Produkte) an Morel Srl zur\u00fcckzusenden. Erfolgt die R\u00fccksendung nicht innerhalb dieser Frist, akzeptiert Morel Srl keine R\u00fccksendungen von Produkten und der Widerruf wird unwirksam. Der Kunde muss die Produkte, die er zur\u00fccksenden m\u00f6chte, verpacken, \u00dcbergeben Sie sie dem Kurier und zahlen Sie die R\u00fccksendekosten. Das Produkt muss in einwandfreiem Zustand an Morel Srl zur\u00fcckgesendet werden: voll funktionsf\u00e4hig, keine Anzeichen von unsachgem\u00e4\u00dfem Gebrauch, keine Anzeichen von versehentlichem Herunterfallen und dasselbe gilt f\u00fcr die Verpackung. Erst nachdem \u00fcberpr\u00fcft wurde, ob das erhaltene Produkt diesen Bedingungen entspricht, kann Morel Srl mit der R\u00fcckerstattung des Produkts an den Kunden fortfahren. Es versteht sich, dass die Erstattung nur die Kosten des Produkts betrifft und nicht die Hin- und R\u00fcckversandkosten f\u00fcr den in Punkt 7 angegebenen Wert, die daher in der Verantwortung des Kunden bleiben. Der R\u00fcckerstattungsprozess kann bis zu 30 Tage dauern. Das Produkt muss in einwandfreiem Zustand an Morel Srl zur\u00fcckgesendet werden: voll funktionsf\u00e4hig, keine Anzeichen von unsachgem\u00e4\u00dfem Gebrauch, keine Anzeichen von versehentlichem Herunterfallen und dasselbe gilt f\u00fcr die Verpackung. Erst nachdem \u00fcberpr\u00fcft wurde, ob das erhaltene Produkt diesen Bedingungen entspricht, kann Morel Srl mit der R\u00fcckerstattung des Produkts an den Kunden fortfahren. Es versteht sich, dass die Erstattung nur die Kosten des Produkts betrifft und nicht die Hin- und R\u00fcckversandkosten f\u00fcr den in Punkt 7 angegebenen Wert, die daher in der Verantwortung des Kunden bleiben. Der R\u00fcckerstattungsprozess kann bis zu 30 Tage dauern. Das Produkt muss in einwandfreiem Zustand an Morel Srl zur\u00fcckgesendet werden: voll funktionsf\u00e4hig, keine Anzeichen von unsachgem\u00e4\u00dfem Gebrauch, keine Anzeichen von versehentlichem Herunterfallen und dasselbe gilt f\u00fcr die Verpackung. Erst nachdem \u00fcberpr\u00fcft wurde, ob das erhaltene Produkt diesen Bedingungen entspricht, kann Morel Srl mit der R\u00fcckerstattung des Produkts an den Kunden fortfahren. Es versteht sich, dass die Erstattung nur die Kosten des Produkts betrifft und nicht die Hin- und R\u00fcckversandkosten f\u00fcr den in Punkt 7 angegebenen Wert, die daher in der Verantwortung des Kunden bleiben. Der R\u00fcckerstattungsprozess kann bis zu 30 Tage dauern. Morel Srl kann mit der R\u00fcckerstattung des Produkts an den Kunden fortfahren. Es versteht sich, dass die Erstattung nur die Kosten des Produkts betrifft und nicht die Hin- und R\u00fcckversandkosten f\u00fcr den in Punkt 7 angegebenen Wert, die daher in der Verantwortung des Kunden bleiben. Der R\u00fcckerstattungsprozess kann bis zu 30 Tage dauern. Morel Srl kann mit der R\u00fcckerstattung des Produkts an den Kunden fortfahren. Es versteht sich, dass die Erstattung nur die Kosten des Produkts betrifft und nicht die Hin- und R\u00fcckversandkosten f\u00fcr den in Punkt 7 angegebenen Wert, die daher in der Verantwortung des Kunden bleiben. Der R\u00fcckerstattungsprozess kann bis zu 30 Tage dauern.<\/span><\/li>\n<li style=\"font-weight: 400;\" aria-level=\"1\"><b>VORR\u00c4TE<\/b><span style=\"font-weight: 400;\">Nach zwei fehlgeschlagenen Zustellversuchen wird das Paket eingelagert und der Kunde muss sein Paket im Sortierzentrum des Kuriers abholen oder sich mit Morel Srl in Verbindung setzen, um den Bestand freizugeben, indem er eine Strafe von 10 \u20ac f\u00fcr die Zustellung an arrangiert erfolgen an der gew\u00fcnschten Lieferadresse. Die Lagerkosten gehen ausschlie\u00dflich zu Lasten des Kunden. Im Falle der Nichtlieferung des Produkts \/ der Produkte aufgrund l\u00e4ngerer Abwesenheit des Kunden hat Morel Srl das Recht: a) einen neuen Versand zu vereinbaren, indem dem Kunden die in der Zwischenzeit angefallenen Versand- und Lagerkosten in Rechnung gestellt werden;<\/span><\/li>\n<li style=\"font-weight: 400;\" aria-level=\"1\"><b>ANWENDBARES RECHT UND GERICHTSSTAND<\/b><span style=\"font-weight: 400;\"> Diese Nutzungs- und Verkaufsbedingungen unterliegen italienischem Recht. Wenn der Kunde ein Verbraucher ist, unterliegen die Parteien im Falle von Streitigkeiten oder Streitigkeiten, die sich aus dem Kauf von Produkten \u00fcber die Website und \/ oder aus diesen Allgemeinen Verkaufsbedingungen ergeben, und f\u00fcr die Beilegung von Konflikten der Gerichtsbarkeit der Stadt Gericht, an dem der Kunde seinen Wohnsitz oder Wohnsitz hat. Wenn der Kunde ein Gewerbetreibender ist, unterliegen alle Streitigkeiten der ausschlie\u00dflichen Zust\u00e4ndigkeit des Gerichts von Bergamo.<\/span><\/li>\n<\/ol>\n<p>Dieser Text ist eine \u00dcbersetzung. F\u00fcr alle rechtlichen Zwecke ist nur der Originaltext in italienischer Sprache g\u00fcltig.<\/p>\n","protected":false},"excerpt":{"rendered":"<p>ANWENDUNGSBEREICH UND DEFINITIONENDer allgemeine Teil gilt f\u00fcr alle Bestellungen im Zusammenhang mit dem Kauf von Produkten \u00fcber die Website oder durch Kontaktaufnahme mit der Firma Morel Srl. (im Folgenden Morel) unter den auf der Website selbst angegebenen Telefonnummern oder E-Mail-Adressen, unabh\u00e4ngig davon, ob dies der Fall ist Produkte anderer Marken als Morel Srl. In diesen [&hellip;]<\/p>\n","protected":false},"author":1,"featured_media":0,"parent":0,"menu_order":0,"comment_status":"closed","ping_status":"closed","template":"template-istituzionale.php","meta":{"inline_featured_image":false,"footnotes":""},"class_list":["post-863","page","type-page","status-publish","hentry"],"acf":[],"yoast_head":"<!-- This site is optimized with the Yoast SEO plugin v24.6 - https:\/\/yoast.com\/wordpress\/plugins\/seo\/ -->\n<title>Gesch\u00e4ftsbedingungen - Morel<\/title>\n<meta name=\"robots\" content=\"index, follow, max-snippet:-1, max-image-preview:large, max-video-preview:-1\" \/>\n<link rel=\"canonical\" href=\"https:\/\/www.morelitalia.com\/de\/geschaeftsbedingungen\/\" \/>\n<meta property=\"og:locale\" content=\"de_DE\" \/>\n<meta property=\"og:type\" content=\"article\" \/>\n<meta property=\"og:title\" content=\"Gesch\u00e4ftsbedingungen - Morel\" \/>\n<meta property=\"og:description\" content=\"ANWENDUNGSBEREICH UND DEFINITIONENDer allgemeine Teil gilt f\u00fcr alle Bestellungen im Zusammenhang mit dem Kauf von Produkten \u00fcber die Website oder durch Kontaktaufnahme mit der Firma Morel Srl. (im Folgenden Morel) unter den auf der Website selbst angegebenen Telefonnummern oder E-Mail-Adressen, unabh\u00e4ngig davon, ob dies der Fall ist Produkte anderer Marken als Morel Srl. In diesen [&hellip;]\" \/>\n<meta property=\"og:url\" content=\"https:\/\/www.morelitalia.com\/de\/geschaeftsbedingungen\/\" \/>\n<meta property=\"og:site_name\" content=\"Morel\" \/>\n<meta property=\"article:modified_time\" content=\"2022-10-11T09:52:04+00:00\" \/>\n<meta name=\"twitter:card\" content=\"summary_large_image\" \/>\n<meta name=\"twitter:label1\" content=\"Gesch\u00e4tzte Lesezeit\" \/>\n\t<meta name=\"twitter:data1\" content=\"14\u00a0Minuten\" \/>\n<script type=\"application\/ld+json\" class=\"yoast-schema-graph\">{\"@context\":\"https:\/\/schema.org\",\"@graph\":[{\"@type\":\"WebPage\",\"@id\":\"https:\/\/www.morelitalia.com\/de\/geschaeftsbedingungen\/\",\"url\":\"https:\/\/www.morelitalia.com\/de\/geschaeftsbedingungen\/\",\"name\":\"Gesch\u00e4ftsbedingungen - Morel\",\"isPartOf\":{\"@id\":\"https:\/\/www.morelitalia.com\/de\/#website\"},\"datePublished\":\"2022-10-06T10:10:55+00:00\",\"dateModified\":\"2022-10-11T09:52:04+00:00\",\"breadcrumb\":{\"@id\":\"https:\/\/www.morelitalia.com\/de\/geschaeftsbedingungen\/#breadcrumb\"},\"inLanguage\":\"de\",\"potentialAction\":[{\"@type\":\"ReadAction\",\"target\":[\"https:\/\/www.morelitalia.com\/de\/geschaeftsbedingungen\/\"]}]},{\"@type\":\"BreadcrumbList\",\"@id\":\"https:\/\/www.morelitalia.com\/de\/geschaeftsbedingungen\/#breadcrumb\",\"itemListElement\":[{\"@type\":\"ListItem\",\"position\":1,\"name\":\"Home\",\"item\":\"https:\/\/www.morelitalia.com\/de\/homepage\/\"},{\"@type\":\"ListItem\",\"position\":2,\"name\":\"Gesch\u00e4ftsbedingungen\"}]},{\"@type\":\"WebSite\",\"@id\":\"https:\/\/www.morelitalia.com\/de\/#website\",\"url\":\"https:\/\/www.morelitalia.com\/de\/\",\"name\":\"Morel\",\"description\":\"\",\"potentialAction\":[{\"@type\":\"SearchAction\",\"target\":{\"@type\":\"EntryPoint\",\"urlTemplate\":\"https:\/\/www.morelitalia.com\/de\/?s={search_term_string}\"},\"query-input\":{\"@type\":\"PropertyValueSpecification\",\"valueRequired\":true,\"valueName\":\"search_term_string\"}}],\"inLanguage\":\"de\"}]}<\/script>\n<!-- \/ Yoast SEO plugin. -->","yoast_head_json":{"title":"Gesch\u00e4ftsbedingungen - Morel","robots":{"index":"index","follow":"follow","max-snippet":"max-snippet:-1","max-image-preview":"max-image-preview:large","max-video-preview":"max-video-preview:-1"},"canonical":"https:\/\/www.morelitalia.com\/de\/geschaeftsbedingungen\/","og_locale":"de_DE","og_type":"article","og_title":"Gesch\u00e4ftsbedingungen - Morel","og_description":"ANWENDUNGSBEREICH UND DEFINITIONENDer allgemeine Teil gilt f\u00fcr alle Bestellungen im Zusammenhang mit dem Kauf von Produkten \u00fcber die Website oder durch Kontaktaufnahme mit der Firma Morel Srl. (im Folgenden Morel) unter den auf der Website selbst angegebenen Telefonnummern oder E-Mail-Adressen, unabh\u00e4ngig davon, ob dies der Fall ist Produkte anderer Marken als Morel Srl. In diesen [&hellip;]","og_url":"https:\/\/www.morelitalia.com\/de\/geschaeftsbedingungen\/","og_site_name":"Morel","article_modified_time":"2022-10-11T09:52:04+00:00","twitter_card":"summary_large_image","twitter_misc":{"Gesch\u00e4tzte Lesezeit":"14\u00a0Minuten"},"schema":{"@context":"https:\/\/schema.org","@graph":[{"@type":"WebPage","@id":"https:\/\/www.morelitalia.com\/de\/geschaeftsbedingungen\/","url":"https:\/\/www.morelitalia.com\/de\/geschaeftsbedingungen\/","name":"Gesch\u00e4ftsbedingungen - Morel","isPartOf":{"@id":"https:\/\/www.morelitalia.com\/de\/#website"},"datePublished":"2022-10-06T10:10:55+00:00","dateModified":"2022-10-11T09:52:04+00:00","breadcrumb":{"@id":"https:\/\/www.morelitalia.com\/de\/geschaeftsbedingungen\/#breadcrumb"},"inLanguage":"de","potentialAction":[{"@type":"ReadAction","target":["https:\/\/www.morelitalia.com\/de\/geschaeftsbedingungen\/"]}]},{"@type":"BreadcrumbList","@id":"https:\/\/www.morelitalia.com\/de\/geschaeftsbedingungen\/#breadcrumb","itemListElement":[{"@type":"ListItem","position":1,"name":"Home","item":"https:\/\/www.morelitalia.com\/de\/homepage\/"},{"@type":"ListItem","position":2,"name":"Gesch\u00e4ftsbedingungen"}]},{"@type":"WebSite","@id":"https:\/\/www.morelitalia.com\/de\/#website","url":"https:\/\/www.morelitalia.com\/de\/","name":"Morel","description":"","potentialAction":[{"@type":"SearchAction","target":{"@type":"EntryPoint","urlTemplate":"https:\/\/www.morelitalia.com\/de\/?s={search_term_string}"},"query-input":{"@type":"PropertyValueSpecification","valueRequired":true,"valueName":"search_term_string"}}],"inLanguage":"de"}]}},"_links":{"self":[{"href":"https:\/\/www.morelitalia.com\/de\/wp-json\/wp\/v2\/pages\/863","targetHints":{"allow":["GET"]}}],"collection":[{"href":"https:\/\/www.morelitalia.com\/de\/wp-json\/wp\/v2\/pages"}],"about":[{"href":"https:\/\/www.morelitalia.com\/de\/wp-json\/wp\/v2\/types\/page"}],"author":[{"embeddable":true,"href":"https:\/\/www.morelitalia.com\/de\/wp-json\/wp\/v2\/users\/1"}],"replies":[{"embeddable":true,"href":"https:\/\/www.morelitalia.com\/de\/wp-json\/wp\/v2\/comments?post=863"}],"version-history":[{"count":1,"href":"https:\/\/www.morelitalia.com\/de\/wp-json\/wp\/v2\/pages\/863\/revisions"}],"predecessor-version":[{"id":864,"href":"https:\/\/www.morelitalia.com\/de\/wp-json\/wp\/v2\/pages\/863\/revisions\/864"}],"wp:attachment":[{"href":"https:\/\/www.morelitalia.com\/de\/wp-json\/wp\/v2\/media?parent=863"}],"curies":[{"name":"wp","href":"https:\/\/api.w.org\/{rel}","templated":true}]}}