{"id":868,"date":"2022-08-09T12:00:07","date_gmt":"2022-08-09T10:00:07","guid":{"rendered":"https:\/\/www.morelitalia.com\/privacy-policy\/"},"modified":"2022-10-11T11:53:57","modified_gmt":"2022-10-11T09:53:57","slug":"datenschutzerklaerung","status":"publish","type":"page","link":"https:\/\/www.morelitalia.com\/de\/datenschutzerklaerung\/","title":{"rendered":"Datenschutzerkl\u00e4rung"},"content":{"rendered":"<p><span style=\"font-weight: 400;\">Diese Seite beschreibt, wie die Website in Bezug auf die Verarbeitung personenbezogener Daten von Benutzern, die sie konsultieren, gem\u00e4\u00df dem Gesetzesdekret 196\/2003 (Datenschutzkodex) und der EU-Verordnung 679\/2016 (DSGVO) verwaltet wird.<\/span><\/p>\n<ol>\n<li><span style=\"font-weight: 400;\"> Art der verarbeiteten Daten<\/span><\/li>\n<\/ol>\n<p><span style=\"font-weight: 400;\">Browsing-\/Nutzungsdaten Die f\u00fcr den Betrieb dieser Website verwendeten Computersysteme und Software Verfahren erfassen w\u00e4hrend ihres normalen Betriebs einige personenbezogene Daten, deren \u00dcbertragung mit der Verwendung von Internet-Kommunikationsprotokollen impliziert ist. Dabei handelt es sich um Informationen, die nicht erhoben werden, um identifizierten Interessenten zugeordnet zu werden, die aber aufgrund ihrer Beschaffenheit durch Verarbeitung und Verkn\u00fcpfung mit Daten im Besitz von Dritten eine Identifizierung der Nutzer erm\u00f6glichen k\u00f6nnten. Diese Datenkategorie umfasst die IP-Adressen oder Dom\u00e4nennamen der Computer, die von Benutzern verwendet werden, die sich mit der Website verbinden, die URI-Adressen (Uniform Resource Identifier) \u200b\u200b\u200b\u200bder angeforderten Ressourcen, den Zeitpunkt der Anfrage, die Methode, die zum Senden verwendet wurde Anfrage an den Server, die Gr\u00f6\u00dfe der als Antwort erhaltenen Datei,<\/span><\/p>\n<p><span style=\"font-weight: 400;\">Freiwillig vom Benutzer bereitgestellte Daten Das optionale, ausdr\u00fcckliche und freiwillige Versenden von E-Mails an die auf dieser Website angegebenen Adressen beinhaltet die anschlie\u00dfende Erfassung der Absenderadresse, die zur Beantwortung von Anfragen erforderlich ist, sowie aller anderen in der Nachricht enthaltenen personenbezogenen Daten .<\/span><\/p>\n<p><span style=\"font-weight: 400;\">Cookie <\/span><a href=\"https:\/\/www-morelitalia-com.translate.goog\/cookie?_x_tr_sl=it&amp;_x_tr_tl=de&amp;_x_tr_hl=it&amp;_x_tr_pto=wapp\"><span style=\"font-weight: 400;\">Siehe zugeh\u00f6rige Informationen.<\/span><\/a><\/p>\n<p><span style=\"font-weight: 400;\">Personenbezogene Daten, die f\u00fcr den Zugriff auf die Dienste der Website verarbeitet werden<\/span><\/p>\n<ul>\n<li style=\"font-weight: 400;\" aria-level=\"1\"><b>Kontaktformular<\/b><span style=\"font-weight: 400;\"> :<\/span><span style=\"font-weight: 400;\"><br \/>\n<\/span><span style=\"font-weight: 400;\">E-Mail, Name, Nachname, Firma, Telefonnummer<\/span><\/li>\n<\/ul>\n<ol start=\"2\">\n<li><span style=\"font-weight: 400;\"> Zweck der Behandlung<\/span><\/li>\n<\/ol>\n<p><span style=\"font-weight: 400;\">Die im vorherigen Punkt 1 beschriebenen <\/span><b>Navigations-\/Nutzungsdaten<\/b><span style=\"font-weight: 400;\"> werden ausschlie\u00dflich dazu verwendet, anonyme statistische Informationen \u00fcber die Nutzung der Website zu erhalten und ihr korrektes Funktionieren zu \u00fcberpr\u00fcfen. Die Daten k\u00f6nnten verwendet werden, um die Verantwortlichkeit im Falle hypothetischer Computerkriminalit\u00e4t gegen die Website festzustellen.<\/span><\/p>\n<p><span style=\"font-weight: 400;\">Die <\/span><b>von Benutzern, die die Website konsultieren, spontan zur Verf\u00fcgung gestellten personenbezogenen Daten<\/b><span style=\"font-weight: 400;\"> werden f\u00fcr die folgenden Zwecke verarbeitet:<\/span><\/p>\n<ul>\n<li style=\"font-weight: 400;\" aria-level=\"1\"><span style=\"font-weight: 400;\">Wenden Sie sich an den Benutzer<\/span><\/li>\n<li style=\"font-weight: 400;\" aria-level=\"1\"><span style=\"font-weight: 400;\">Statistik der Besuche auf der Website<\/span><\/li>\n<li style=\"font-weight: 400;\" aria-level=\"1\"><span style=\"font-weight: 400;\">Verkehrsoptimierung und -verteilung<\/span><\/li>\n<li style=\"font-weight: 400;\" aria-level=\"1\"><span style=\"font-weight: 400;\">Interaktion mit sozialen Netzwerken und externen Plattformen<\/span><\/li>\n<\/ul>\n<ol start=\"3\">\n<li><span style=\"font-weight: 400;\"> Rechtsgrundlage der Verarbeitung<\/span><\/li>\n<\/ol>\n<p><span style=\"font-weight: 400;\">Spontan von Benutzern bereitgestellte personenbezogene Daten werden gem\u00e4\u00df der bei der Registrierung auf der Website ausgedr\u00fcckten Zustimmung verarbeitet. In Bezug auf die technischen Informationen, die f\u00fcr die Bereitstellung des Dienstes unbedingt erforderlich sind (Navigations-\/Nutzungsdaten), werden diese Daten verarbeitet, soweit dies zur Verfolgung unseres berechtigten Interesses an der Optimierung der Website sowie zur Verbesserung ihrer Leistung und ihres Inhalts erforderlich ist .<\/span><\/p>\n<ol start=\"4\">\n<li><span style=\"font-weight: 400;\"> Verarbeitungsmethoden und Dauer der Datenspeicherung<\/span><\/li>\n<\/ol>\n<p><span style=\"font-weight: 400;\">Die Datenverarbeitung erfolgt sowohl manuell als auch mit Hilfe von IT- und Telematikmitteln per Post oder E-Mail. Die Daten werden sowohl in Papierarchiven als auch in elektronischen Archiven f\u00fcr die Zeit aufbewahrt, die zur Erreichung der unter Punkt 2 genannten Zwecke unbedingt erforderlich ist, und in jedem Fall nach Ersch\u00f6pfung dieser Zwecke.<\/span><\/p>\n<p><span style=\"font-weight: 400;\">Es werden spezielle Sicherheitsma\u00dfnahmen eingehalten, um Datenverlust, illegale oder falsche Verwendung und unbefugten Zugriff zu verhindern.<\/span><\/p>\n<ol start=\"5\">\n<li><span style=\"font-weight: 400;\"> Pflicht oder Recht zur Bereitstellung von Daten<\/span><\/li>\n<\/ol>\n<p><span style=\"font-weight: 400;\">Abgesehen von den Navigationsdaten steht es dem Benutzer frei, die von den verschiedenen Diensten der Website angeforderten personenbezogenen Daten bereitzustellen. Wenn Sie sie nicht bereitstellen, kann es unm\u00f6glich sein, das Gew\u00fcnschte zu erhalten.<\/span><\/p>\n<ol start=\"6\">\n<li><span style=\"font-weight: 400;\"> Mitteilung und Verbreitung personenbezogener Daten<\/span><\/li>\n<\/ol>\n<p><span style=\"font-weight: 400;\">Die auf der Website erhobenen personenbezogenen Daten werden nicht allgemein verbreitet. Diese Daten k\u00f6nnen zu den unter Punkt 2 genannten Zwecken von den f\u00fcr die Datenverarbeitung und Informationssysteme Verantwortlichen sowie den Verantwortlichen f\u00fcr die technische Verwaltung der Website verarbeitet werden.<\/span><\/p>\n<ol start=\"7\">\n<li><span style=\"font-weight: 400;\"> Rechte der interessierten Parteien<\/span><\/li>\n<\/ol>\n<p><span style=\"font-weight: 400;\">Die Datenschutzgesetzgebung (Artikel 7-10 des Datenschutzgesetzes und Artikel 12-22 der EU-Verordnung 679\/2016) garantiert den interessierten Parteien das Recht, \u00fcber die Verarbeitung der sie betreffenden Daten informiert zu werden, sowie das Recht auf Zugang zu den Daten selbst und auf seine Aktualisierung, Integration und Korrektur anfordern. Wenn die gesetzlich vorgesehenen Voraussetzungen erf\u00fcllt sind, kann die betroffene Person auch das Recht auf L\u00f6schung von Daten, Einschr\u00e4nkung ihrer Verarbeitung, Daten\u00fcbertragbarkeit, Widerspruch gegen die Verarbeitung geltend machen und keinen Entscheidungen unterliegen, die ausschlie\u00dflich auf automatisierter Verarbeitung beruhen.<\/span><\/p>\n<p><span style=\"font-weight: 400;\">Wenn die Verarbeitung personenbezogener Daten auf der Einwilligung des Betroffenen beruht, hat er das Recht, die erteilte Einwilligung zu widerrufen.<\/span><\/p>\n<p><span style=\"font-weight: 400;\">Zur Aus\u00fcbung Ihrer Rechte sowie f\u00fcr weitere Informationen \u00fcber die Subjekte oder Kategorien von Subjekten, denen die Daten mitgeteilt werden oder die als Manager oder Agenten davon Kenntnis erlangen, kann sich die interessierte Partei unter den folgenden Adressen an Coriweb Srl wenden: Tel. + 39 0363 87352 und E-Mail-Adresse info@coriweb.it.<\/span><\/p>\n<p><span style=\"font-weight: 400;\">Wenn der Betroffene der Ansicht ist, dass seine Rechte verletzt werden, kann er sich sch\u00fctzen, indem er eine Beschwerde beim Garanten f\u00fcr den Schutz personenbezogener Daten einreicht.<\/span><\/p>\n<ol start=\"8\">\n<li><span style=\"font-weight: 400;\"> Eigent\u00fcmer und Manager der Behandlung<\/span><\/li>\n<\/ol>\n<p><span style=\"font-weight: 400;\">Der Datenverantwortliche ist Coriweb Srl mit Sitz in Via Roggia Vignola, 9 &#8211; 24047 &#8211; Treviglio &#8211; (BG). Die aktualisierte Liste der Datenverarbeiter wird am Sitz des Datenverantwortlichen aufbewahrt.<\/span><\/p>\n<ol start=\"9\">\n<li><span style=\"font-weight: 400;\"> \u00c4nderungen an dieser Datenschutzerkl\u00e4rung<\/span><\/li>\n<\/ol>\n<p><span style=\"font-weight: 400;\">Der Datenverantwortliche beh\u00e4lt sich das Recht vor, jederzeit \u00c4nderungen an dieser Datenschutzrichtlinie vorzunehmen, indem er die Benutzer auf dieser Seite benachrichtigt. Bitte konsultieren Sie diese Seite daher h\u00e4ufig und beziehen Sie sich dabei auf das Datum der letzten \u00c4nderung, das unten angegeben ist. Im Falle der Nichtakzeptanz der an dieser Datenschutzrichtlinie vorgenommenen \u00c4nderungen kann der Benutzer den Datenverantwortlichen auffordern, seine personenbezogenen Daten zu l\u00f6schen. Sofern nicht anders angegeben, gilt die vorherige Datenschutzrichtlinie weiterhin f\u00fcr die bis zu diesem Zeitpunkt erhobenen personenbezogenen Daten.<\/span><\/p>\n<p>&nbsp;<\/p>\n<p>Dieser Text ist eine \u00dcbersetzung. F\u00fcr alle rechtlichen Zwecke ist nur der Originaltext in italienischer Sprache g\u00fcltig.<\/p>\n","protected":false},"excerpt":{"rendered":"<p>Diese Seite beschreibt, wie die Website in Bezug auf die Verarbeitung personenbezogener Daten von Benutzern, die sie konsultieren, gem\u00e4\u00df dem Gesetzesdekret 196\/2003 (Datenschutzkodex) und der EU-Verordnung 679\/2016 (DSGVO) verwaltet wird. Art der verarbeiteten Daten Browsing-\/Nutzungsdaten Die f\u00fcr den Betrieb dieser Website verwendeten Computersysteme und Software Verfahren erfassen w\u00e4hrend ihres normalen Betriebs einige personenbezogene Daten, deren [&hellip;]<\/p>\n","protected":false},"author":1,"featured_media":0,"parent":0,"menu_order":0,"comment_status":"closed","ping_status":"open","template":"template-istituzionale.php","meta":{"inline_featured_image":false,"footnotes":""},"class_list":["post-868","page","type-page","status-publish","hentry"],"acf":[],"yoast_head":"<!-- This site is optimized with the Yoast SEO plugin v24.6 - https:\/\/yoast.com\/wordpress\/plugins\/seo\/ -->\n<title>Datenschutzerkl\u00e4rung - Morel<\/title>\n<meta name=\"robots\" content=\"index, follow, max-snippet:-1, max-image-preview:large, max-video-preview:-1\" \/>\n<link rel=\"canonical\" href=\"https:\/\/www.morelitalia.com\/de\/datenschutzerklaerung\/\" \/>\n<meta property=\"og:locale\" content=\"de_DE\" \/>\n<meta property=\"og:type\" content=\"article\" \/>\n<meta property=\"og:title\" content=\"Datenschutzerkl\u00e4rung - Morel\" \/>\n<meta property=\"og:description\" content=\"Diese Seite beschreibt, wie die Website in Bezug auf die Verarbeitung personenbezogener Daten von Benutzern, die sie konsultieren, gem\u00e4\u00df dem Gesetzesdekret 196\/2003 (Datenschutzkodex) und der EU-Verordnung 679\/2016 (DSGVO) verwaltet wird. Art der verarbeiteten Daten Browsing-\/Nutzungsdaten Die f\u00fcr den Betrieb dieser Website verwendeten Computersysteme und Software Verfahren erfassen w\u00e4hrend ihres normalen Betriebs einige personenbezogene Daten, deren [&hellip;]\" \/>\n<meta property=\"og:url\" content=\"https:\/\/www.morelitalia.com\/de\/datenschutzerklaerung\/\" \/>\n<meta property=\"og:site_name\" content=\"Morel\" \/>\n<meta property=\"article:modified_time\" content=\"2022-10-11T09:53:57+00:00\" \/>\n<meta name=\"twitter:card\" content=\"summary_large_image\" \/>\n<meta name=\"twitter:label1\" content=\"Gesch\u00e4tzte Lesezeit\" \/>\n\t<meta name=\"twitter:data1\" content=\"5\u00a0Minuten\" \/>\n<script type=\"application\/ld+json\" class=\"yoast-schema-graph\">{\"@context\":\"https:\/\/schema.org\",\"@graph\":[{\"@type\":\"WebPage\",\"@id\":\"https:\/\/www.morelitalia.com\/de\/datenschutzerklaerung\/\",\"url\":\"https:\/\/www.morelitalia.com\/de\/datenschutzerklaerung\/\",\"name\":\"Datenschutzerkl\u00e4rung - Morel\",\"isPartOf\":{\"@id\":\"https:\/\/www.morelitalia.com\/de\/#website\"},\"datePublished\":\"2022-08-09T10:00:07+00:00\",\"dateModified\":\"2022-10-11T09:53:57+00:00\",\"breadcrumb\":{\"@id\":\"https:\/\/www.morelitalia.com\/de\/datenschutzerklaerung\/#breadcrumb\"},\"inLanguage\":\"de\",\"potentialAction\":[{\"@type\":\"ReadAction\",\"target\":[\"https:\/\/www.morelitalia.com\/de\/datenschutzerklaerung\/\"]}]},{\"@type\":\"BreadcrumbList\",\"@id\":\"https:\/\/www.morelitalia.com\/de\/datenschutzerklaerung\/#breadcrumb\",\"itemListElement\":[{\"@type\":\"ListItem\",\"position\":1,\"name\":\"Home\",\"item\":\"https:\/\/www.morelitalia.com\/de\/homepage\/\"},{\"@type\":\"ListItem\",\"position\":2,\"name\":\"Datenschutzerkl\u00e4rung\"}]},{\"@type\":\"WebSite\",\"@id\":\"https:\/\/www.morelitalia.com\/de\/#website\",\"url\":\"https:\/\/www.morelitalia.com\/de\/\",\"name\":\"Morel\",\"description\":\"\",\"potentialAction\":[{\"@type\":\"SearchAction\",\"target\":{\"@type\":\"EntryPoint\",\"urlTemplate\":\"https:\/\/www.morelitalia.com\/de\/?s={search_term_string}\"},\"query-input\":{\"@type\":\"PropertyValueSpecification\",\"valueRequired\":true,\"valueName\":\"search_term_string\"}}],\"inLanguage\":\"de\"}]}<\/script>\n<!-- \/ Yoast SEO plugin. -->","yoast_head_json":{"title":"Datenschutzerkl\u00e4rung - Morel","robots":{"index":"index","follow":"follow","max-snippet":"max-snippet:-1","max-image-preview":"max-image-preview:large","max-video-preview":"max-video-preview:-1"},"canonical":"https:\/\/www.morelitalia.com\/de\/datenschutzerklaerung\/","og_locale":"de_DE","og_type":"article","og_title":"Datenschutzerkl\u00e4rung - Morel","og_description":"Diese Seite beschreibt, wie die Website in Bezug auf die Verarbeitung personenbezogener Daten von Benutzern, die sie konsultieren, gem\u00e4\u00df dem Gesetzesdekret 196\/2003 (Datenschutzkodex) und der EU-Verordnung 679\/2016 (DSGVO) verwaltet wird. Art der verarbeiteten Daten Browsing-\/Nutzungsdaten Die f\u00fcr den Betrieb dieser Website verwendeten Computersysteme und Software Verfahren erfassen w\u00e4hrend ihres normalen Betriebs einige personenbezogene Daten, deren [&hellip;]","og_url":"https:\/\/www.morelitalia.com\/de\/datenschutzerklaerung\/","og_site_name":"Morel","article_modified_time":"2022-10-11T09:53:57+00:00","twitter_card":"summary_large_image","twitter_misc":{"Gesch\u00e4tzte Lesezeit":"5\u00a0Minuten"},"schema":{"@context":"https:\/\/schema.org","@graph":[{"@type":"WebPage","@id":"https:\/\/www.morelitalia.com\/de\/datenschutzerklaerung\/","url":"https:\/\/www.morelitalia.com\/de\/datenschutzerklaerung\/","name":"Datenschutzerkl\u00e4rung - Morel","isPartOf":{"@id":"https:\/\/www.morelitalia.com\/de\/#website"},"datePublished":"2022-08-09T10:00:07+00:00","dateModified":"2022-10-11T09:53:57+00:00","breadcrumb":{"@id":"https:\/\/www.morelitalia.com\/de\/datenschutzerklaerung\/#breadcrumb"},"inLanguage":"de","potentialAction":[{"@type":"ReadAction","target":["https:\/\/www.morelitalia.com\/de\/datenschutzerklaerung\/"]}]},{"@type":"BreadcrumbList","@id":"https:\/\/www.morelitalia.com\/de\/datenschutzerklaerung\/#breadcrumb","itemListElement":[{"@type":"ListItem","position":1,"name":"Home","item":"https:\/\/www.morelitalia.com\/de\/homepage\/"},{"@type":"ListItem","position":2,"name":"Datenschutzerkl\u00e4rung"}]},{"@type":"WebSite","@id":"https:\/\/www.morelitalia.com\/de\/#website","url":"https:\/\/www.morelitalia.com\/de\/","name":"Morel","description":"","potentialAction":[{"@type":"SearchAction","target":{"@type":"EntryPoint","urlTemplate":"https:\/\/www.morelitalia.com\/de\/?s={search_term_string}"},"query-input":{"@type":"PropertyValueSpecification","valueRequired":true,"valueName":"search_term_string"}}],"inLanguage":"de"}]}},"_links":{"self":[{"href":"https:\/\/www.morelitalia.com\/de\/wp-json\/wp\/v2\/pages\/868","targetHints":{"allow":["GET"]}}],"collection":[{"href":"https:\/\/www.morelitalia.com\/de\/wp-json\/wp\/v2\/pages"}],"about":[{"href":"https:\/\/www.morelitalia.com\/de\/wp-json\/wp\/v2\/types\/page"}],"author":[{"embeddable":true,"href":"https:\/\/www.morelitalia.com\/de\/wp-json\/wp\/v2\/users\/1"}],"replies":[{"embeddable":true,"href":"https:\/\/www.morelitalia.com\/de\/wp-json\/wp\/v2\/comments?post=868"}],"version-history":[{"count":2,"href":"https:\/\/www.morelitalia.com\/de\/wp-json\/wp\/v2\/pages\/868\/revisions"}],"predecessor-version":[{"id":870,"href":"https:\/\/www.morelitalia.com\/de\/wp-json\/wp\/v2\/pages\/868\/revisions\/870"}],"wp:attachment":[{"href":"https:\/\/www.morelitalia.com\/de\/wp-json\/wp\/v2\/media?parent=868"}],"curies":[{"name":"wp","href":"https:\/\/api.w.org\/{rel}","templated":true}]}}